{"id":51,"date":"2010-11-15T18:42:50","date_gmt":"2010-11-15T18:42:50","guid":{"rendered":"http:\/\/www.biosphaere-alb.com\/wordpress\/?page_id=51"},"modified":"2025-12-23T15:41:46","modified_gmt":"2025-12-23T14:41:46","slug":"impressum","status":"publish","type":"page","link":"https:\/\/www.biosphaere-alb.com\/wordpress\/?page_id=51","title":{"rendered":"Impressum"},"content":{"rendered":"<h3><span style=\"color: #cc6600;\"><span style=\"color: #800000;\">Impressum Sph\u00e4re<\/span><\/span><\/h3>\n<p><strong>Sph\u00e4re-Verlag und Herausgeber<\/strong><br \/>\nAgentur CopyWrite<br \/>\nFelix Fuchs<br \/>\nLindenplatz 6<br \/>\n72587 R\u00f6merstein<br \/>\n<a href=\"mailto:info@biosphaere-alb.com?subject=Sphaere-Online%20Kontakt%20wp\"><span style=\"color: #cc6600;\"><span style=\"text-decoration: underline;\">info(at)biosphaere-alb.com<\/span><\/span><\/a><br \/>\nTel. 07382\/9365-65 Fax: -66<\/p>\n<p>USt-IdNr. DE173089691<\/p>\n<p><strong>Redaktion<\/strong><br \/>\nDipl.-Ing. (FH) Anja Fuchs, Hans-Peter Eppler<\/p>\n<p><strong>Web-Konzept<\/strong><br \/>\nAgentur CopyWrite R\u00f6merstein\/Zainingen<\/p>\n<p>www.copywrite-im-netz.de<br \/>\n<a href=\"mailto:info@copywrite-im-netz.de?subject=Sphaere-Online%20Kontakt%20wp\"><span style=\"color: #cc6600;\"><span style=\"text-decoration: underline;\">info@copywrite-im-netz.de<\/span><\/span><\/a><\/p>\n<hr \/>\n<p><strong>Urheberrecht, Haftung, Verantwortung<\/strong><\/p>\n<p>0. Keine Abmahnung ohne vorherigen Kontakt<br \/>\nSollte der Inhalt oder die Aufmachung dieser Seiten fremde Rechte Dritter oder gesetzliche Bestimmungen verletzen, so bitten wir um eine entsprechende Nachricht ohne Kostennote. Die Beseitigung einer m\u00f6glicherweise von diesen Seiten ausgehenden Schutzrecht-Verletzung durch Schutzrecht-Inhaberinnen selbst darf nicht ohne unsere Zustimmung stattfinden. Wir garantieren, dass die zu Recht beanstandeten Passagen unverz\u00fcglich entfernt werden, ohne dass von Ihrer Seite die Einschaltung eines Rechtsbeistandes erforderlich ist. Dennoch von Ihnen ohne vorherige Kontaktaufnahme ausgel\u00f6ste Kosten werden wir vollumf\u00e4nglich zur\u00fcckweisen und gegebenenfalls Gegenklage wegen Verletzung vorgenannter Bestimmungen einreichen. Vielen Dank f\u00fcr Ihr Verst\u00e4ndnis.<\/p>\n<p>1. Inhalt des Onlineangebotes<br \/>\nWir \u00fcbernehmen keinerlei Gew\u00e4hr f\u00fcr die Aktualit\u00e4t, Korrektheit, Vollst\u00e4ndigkeit oder Qualit\u00e4t der bereitgestellten Informationen. Haftungsanspr\u00fcche gegen uns, welche sich auf Sch\u00e4den materieller oder ideeller Art beziehen, die durch die Nutzung oder Nichtnutzung der dargebotenen Informationen bzw. durch die Nutzung fehlerhafter und unvollst\u00e4ndiger Informationen verursacht wurden sind grunds\u00e4tzlich ausgeschlossen, sofern unsererseits kein nachweislich vors\u00e4tzliches oder grob fahrl\u00e4ssiges Verschulden vorliegt. Alle Angebote sind freibleibend und unverbindlich. Wir behalten uns ausdr\u00fccklich vor, Teile der Seiten oder das gesamte Angebot ohne gesonderte Ank\u00fcndigung zu ver\u00e4ndern, zu erg\u00e4nzen, zu l\u00f6schen oder die Ver\u00f6ffentlichung zeitweise oder endg\u00fcltig einzustellen.<\/p>\n<p>2. Verweise und Links<br \/>\nBei direkten oder indirekten Verweisen auf fremde Internetseiten (&#8222;Links&#8220;), die au\u00dferhalb unseres Verantwortungsbereiches liegen, w\u00fcrde eine Haftungsverpflichtung ausschlie\u00dflich in dem Fall in Kraft treten, in dem wir von den Inhalten Kenntnis haben und es uns technisch m\u00f6glich und zumutbar w\u00e4re, die Nutzung im Falle rechtswidriger Inhalte zu verhindern. Wir erkl\u00e4ren daher ausdr\u00fccklich, dass zum Zeitpunkt der Linksetzung die entsprechenden verlinkten Seiten frei von illegalen Inhalten waren. Wir haben keinerlei Einfluss auf die aktuelle und zuk\u00fcnftige Gestaltung und auf die Inhalte der gelinkten\/verkn\u00fcpften Seiten. Deshalb distanzieren wir uns hiermit ausdr\u00fccklich von allen Inhalten aller gelinkten \/verkn\u00fcpften Seiten, die nach der Linksetzung ver\u00e4ndert wurden. Diese Feststellung gilt f\u00fcr alle innerhalb unseres Internetangebotes gesetzten Links und Verweise sowie f\u00fcr Fremdeintr\u00e4ge in von uns eingerichteten G\u00e4steb\u00fcchern, Diskussionsforen und Mailinglisten. F\u00fcr illegale, fehlerhafte oder unvollst\u00e4ndige Inhalte und insbesondere f\u00fcr Sch\u00e4den, die aus der Nutzung oder Nichtnutzung solcherart dargebotener Informationen entstehen, haftet allein der Anbieter der Seite, auf welche verwiesen wurde, nicht derjenige, der \u00fcber Links auf die jeweilige Ver\u00f6ffentlichung lediglich verweist.<\/p>\n<p>3. Urheber- und Kennzeichenrecht<br \/>\nWir sind bestrebt, in allen Publikationen die Urheberrechte der verwendeten Grafiken, Tondokumente, Videosequenzen und Texte zu beachten, von uns selbst erstellte Grafiken, Tondokumente, Videosequenzen und Texte zu nutzen oder auf lizenzfreie Grafiken, Tondokumente, Videosequenzen und Texte zur\u00fcckzugreifen. Alle innerhalb des Internetangebotes genannten und ggf. durch Dritte gesch\u00fctzten Marken- und Warenzeichen unterliegen uneingeschr\u00e4nkt den Bestimmungen des jeweils g\u00fcltigen Kennzeichenrechts und den Besitzrechten der jeweiligen eingetragenen Eigent\u00fcmer. Allein aufgrund der blo\u00dfen Nennung ist nicht der Schlu\u00df zu ziehen, dass Markenzeichen nicht durch Rechte Dritter gesch\u00fctzt sind! Das Copyright f\u00fcr ver\u00f6ffentlichte, von uns selbst erstellte Objekte bleibt allein bei uns. Eine Vervielf\u00e4ltigung oder Verwendung solcher Grafiken, Tondokumente, Videosequenzen und Texte in anderen elektronischen oder gedruckten Publikationen ist ohne unsere ausdr\u00fcckliche Zustimmung nicht gestattet.<\/p>\n<p>4. Rechtswirksamkeit dieses Haftungsausschlusses<br \/>\nDieser Haftungsausschluss ist als Teil des Internetangebotes zu betrachten. Sofern Teile oder einzelne Formulierungen dieses Textes der geltenden Rechtslage nicht, nicht mehr oder nicht vollst\u00e4ndig entsprechen sollten, bleiben die \u00fcbrigen Teile des Dokumentes in ihrem Inhalt und ihrer G\u00fcltigkeit davon unber\u00fchrt.<\/p>\n","protected":false},"excerpt":{"rendered":"<p>Impressum Sph\u00e4re Sph\u00e4re-Verlag und Herausgeber Agentur CopyWrite Felix Fuchs Lindenplatz 6 72587 R\u00f6merstein info(at)biosphaere-alb.com Tel. 07382\/9365-65 Fax: -66 USt-IdNr. DE173089691 Redaktion Dipl.-Ing. (FH) Anja Fuchs, Hans-Peter Eppler Web-Konzept Agentur CopyWrite R\u00f6merstein\/Zainingen www.copywrite-im-netz.de info@copywrite-im-netz.de Urheberrecht, Haftung, Verantwortung 0. Keine Abmahnung ohne vorherigen Kontakt Sollte der Inhalt oder die Aufmachung dieser Seiten fremde Rechte Dritter oder gesetzliche [&hellip;]<\/p>\n","protected":false},"author":2,"featured_media":0,"parent":0,"menu_order":0,"comment_status":"closed","ping_status":"closed","template":"","meta":{"footnotes":""},"class_list":["post-51","page","type-page","status-publish","hentry"],"_links":{"self":[{"href":"https:\/\/www.biosphaere-alb.com\/wordpress\/index.php?rest_route=\/wp\/v2\/pages\/51","targetHints":{"allow":["GET"]}}],"collection":[{"href":"https:\/\/www.biosphaere-alb.com\/wordpress\/index.php?rest_route=\/wp\/v2\/pages"}],"about":[{"href":"https:\/\/www.biosphaere-alb.com\/wordpress\/index.php?rest_route=\/wp\/v2\/types\/page"}],"author":[{"embeddable":true,"href":"https:\/\/www.biosphaere-alb.com\/wordpress\/index.php?rest_route=\/wp\/v2\/users\/2"}],"replies":[{"embeddable":true,"href":"https:\/\/www.biosphaere-alb.com\/wordpress\/index.php?rest_route=%2Fwp%2Fv2%2Fcomments&post=51"}],"version-history":[{"count":13,"href":"https:\/\/www.biosphaere-alb.com\/wordpress\/index.php?rest_route=\/wp\/v2\/pages\/51\/revisions"}],"predecessor-version":[{"id":20157,"href":"https:\/\/www.biosphaere-alb.com\/wordpress\/index.php?rest_route=\/wp\/v2\/pages\/51\/revisions\/20157"}],"wp:attachment":[{"href":"https:\/\/www.biosphaere-alb.com\/wordpress\/index.php?rest_route=%2Fwp%2Fv2%2Fmedia&parent=51"}],"curies":[{"name":"wp","href":"https:\/\/api.w.org\/{rel}","templated":true}]}}